{"id":801,"date":"2018-03-18T20:43:25","date_gmt":"2018-03-18T19:43:25","guid":{"rendered":"https:\/\/www.ramog.de\/content\/?page_id=801"},"modified":"2018-12-26T11:52:13","modified_gmt":"2018-12-26T10:52:13","slug":"datenschutzerklaerung","status":"publish","type":"page","link":"https:\/\/www.ramog.de\/content\/datenschutzerklaerung\/","title":{"rendered":"Datenschutzerkl\u00e4rung"},"content":{"rendered":"<div class=\"entry\">\n<p><a href=\"https:\/\/www.ramog.de\/content\/adressen\/\">Wir<\/a> legen sehr gro\u00dfen Wert auf den Schutz Ihrer Daten und Ihrer Privatsph\u00e4re. Die Nutzung der Homepage ist weitgehend ohne Angabe personenbezogener Daten m\u00f6glich. F\u00fcr diverse Funktionen wie z.B. das Kommentieren von Beitr\u00e4gen ist eine Registrierung notwendig.<\/p>\n<h2>Server-Logs<\/h2>\n<p>Technisch bedingt werden werden vom Webspace-Provider automatisch Informationen in so genannte Server-Logfiles erhoben und gespeichert, die Ihr Browser automatisch an uns \u00fcbermittelt. Hierbei handelt es sich um den Zeitpunkt der Serveranfrage, IP\/Hostname des zugreifenden Rechners, die Referrer-URL, Browsertyp\/-version und verwendetes Betriebssystem.<br \/>\nDiese Daten werden vor allem zu Generierung von Zugriffsstatistiken verwendet und sind bestimmten Personen nicht zuordenbar. Der Webspace-Provider beh\u00e4lt sich vor, bei bekannt werden konkreter Anhaltspunkte zu einer rechtswidrigen Nutzung, diese Daten nachtr\u00e4glich zu pr\u00fcfen.<br \/>\nDes weiteren nutzen wir Tools um die Sicherheit und vollst\u00e4ndige Funktion des verwendeten Systems zu gew\u00e4hrleisten. Auch hier werden IP-Adressen ausgewertet welche bei konkreten Verdacht ggf. nachtr\u00e4glich \u00fcberpr\u00fcft werden.<br \/>\nEine Zusammenf\u00fchrung mit weiteren Daten findet nicht statt.<\/p>\n<h2>Cookies<\/h2>\n<p>Wie die meisten Websites benutzt auch unsere Homepage Cookies. Cookies sind kleine Textdateien, die Ihr Browser auf Ihrem Rechner speichert. Cookies enthalten keine personenbezogenen Daten. Wir verwenden Cookies um Ihnen die Funktionen und Services der Website nutzerfreundlich, effektiv und sicher anbieten zu k\u00f6nnen.<br \/>\nSo werden z.B. bei einem vorhanden Anmeldekonto einige Cookies eingerichtet, um Anmeldeinformationen und Anzeigeoptionen zu speichern. Anmelde-Cookies verfallen nach zwei Tagen und Cookies f\u00fcr die Anzeigeoptionen nach einem Jahr. Falls bei der Anmeldung \u201eAngemeldet bleiben\u201c ausgew\u00e4hlt wird, wird die Anmeldung zwei Wochen lang aufrechterhalten. Mit der Abmeldung werden die Anmelde-Cookies gel\u00f6scht.<\/p>\n<h2>Kontaktformular<\/h2>\n<p>Personenbezogene Daten, die freiwillig zum Zwecke der Kontaktaufnahme erhoben werden, werden nur zu diesem Zweck genutzt. Ohne Ihre ausdr\u00fcckliche Zustimmung erfolgt keine Weitergabe an Dritte.<br \/>\nZur Vermeidung von per Computer generierter Mails \u00fcber unser Kontaktformular, verwenden wir teilweise den Google-Dienst reCaptcha. Google pr\u00fcft anhand Hardware- und Softwareinformationen wie Ger\u00e4te- und Anwendungsdaten, ob Sie ein Mensch oder ein Computer sind. Weiter Informationen hierzu siehe <a href=\"https:\/\/www.google.com\/intl\/de\/policies\/privacy\/\" target=\"_new\">Datenschutzerkl\u00e4rung<\/a> und <a href=\"https:\/\/www.google.com\/intl\/de\/policies\/terms\/\" target=\"_new\">Nutzungsbedingungen<\/a> von Google.<\/p>\n<h2>Kommentare und weiter Funktionen<\/h2>\n<p>F\u00fcr die Kommentierung von Beitr\u00e4gen ist eine Registrierung notwendig. Bei dieser ist die Eingabe einer g\u00fcltigen E-Mail-Adresse notwendig um Ihnen die Zugangsdaten zuleiten zu k\u00f6nnen. Eine Weitergabe an Dritte erfolgt nicht. Die weitere Eingabe pers\u00f6nlicher Daten erfolgt auf rein freiwilliger Basis.<br \/>\nIhre beim Erstellen eines Kommentars mitgeloggte IP-Adresse wird nach 60 Tagen automatisch gel\u00f6scht.<br \/>\nDie M\u00f6glicheit der selbstst\u00e4ndigen Registierung haben wir vorl\u00e4ufig abgeschaltet. Bei Interesse f\u00fcr eine Registrierung wenden Sie sich bitte an den Webmaster (siehe Impressum).<\/p>\n<h2>Auskunftsrecht &amp; Widerruf<\/h2>\n<p>Sie erhalten gem\u00e4\u00df geltender rechtlicher Vorgaben, Auskunft \u00fcber Ihre bei uns gespeicherten Daten. Ebenso k\u00f6nnen Sie Ihre bei uns erhobenen Daten berichtigen oder l\u00f6schen lassen und die uns erteilte Einwilligung zur Datenerhebung und Verwendung widerrufen. Verwenden sie dazu das entsprechende Kontaktformular aus dem Impressum.<br \/>\nSie haben dar\u00fcber hinaus das Recht, sich bei einer Datenschutz-Aufsichtsbeh\u00f6rde \u00fcber die Verarbeitung Ihrer personenbezogenen Daten durch uns zu beschweren.<\/p>\n<\/div>\n","protected":false},"excerpt":{"rendered":"<p>Wir legen sehr gro\u00dfen Wert auf den Schutz Ihrer Daten und Ihrer Privatsph\u00e4re. Die Nutzung der Homepage ist weitgehend ohne Angabe personenbezogener Daten m\u00f6glich. F\u00fcr diverse Funktionen wie z.B. das Kommentieren von Beitr\u00e4gen ist eine Registrierung notwendig. Server-Logs Technisch bedingt werden werden vom Webspace-Provider automatisch Informationen in so genannte Server-Logfiles erhoben und gespeichert, die Ihr &#8230;<\/p>\n","protected":false},"author":5,"featured_media":0,"parent":0,"menu_order":10,"comment_status":"closed","ping_status":"closed","template":"","meta":{"footnotes":""},"class_list":["post-801","page","type-page","status-publish"],"_links":{"self":[{"href":"https:\/\/www.ramog.de\/content\/wp-json\/wp\/v2\/pages\/801","targetHints":{"allow":["GET"]}}],"collection":[{"href":"https:\/\/www.ramog.de\/content\/wp-json\/wp\/v2\/pages"}],"about":[{"href":"https:\/\/www.ramog.de\/content\/wp-json\/wp\/v2\/types\/page"}],"author":[{"embeddable":true,"href":"https:\/\/www.ramog.de\/content\/wp-json\/wp\/v2\/users\/5"}],"replies":[{"embeddable":true,"href":"https:\/\/www.ramog.de\/content\/wp-json\/wp\/v2\/comments?post=801"}],"version-history":[{"count":26,"href":"https:\/\/www.ramog.de\/content\/wp-json\/wp\/v2\/pages\/801\/revisions"}],"predecessor-version":[{"id":10029,"href":"https:\/\/www.ramog.de\/content\/wp-json\/wp\/v2\/pages\/801\/revisions\/10029"}],"wp:attachment":[{"href":"https:\/\/www.ramog.de\/content\/wp-json\/wp\/v2\/media?parent=801"}],"curies":[{"name":"wp","href":"https:\/\/api.w.org\/{rel}","templated":true}]}}