{"id":324,"date":"2017-08-08T19:46:06","date_gmt":"2017-08-08T18:46:06","guid":{"rendered":"https:\/\/www.ramog.de\/content\/?page_id=324"},"modified":"2024-09-11T14:17:59","modified_gmt":"2024-09-11T12:17:59","slug":"mitgliedschaft","status":"publish","type":"page","link":"https:\/\/www.ramog.de\/content\/mitgliedschaft\/","title":{"rendered":"Mitgliedschaft"},"content":{"rendered":"<div class=\"entry\">\n\n\n<p>Die Raketenmodellsportgemeinschaft hat Mitglieder in ganz Deutschland. Die meisten Mitglieder befinden sich in Bayern.<\/p>\n\n\n\n<h3 class=\"wp-block-heading\">Wie werde ich Mitglied ?<\/h3>\n\n\n\n<p>Einfach <a href=\"https:\/\/www.ramog.de\/content\/wp-content\/uploads\/2024\/09\/Beitrittserklaerung.pdf\">Beitrittsformular<\/a> ausf\u00fcllen und an die angegebene Adresse schicken. Die K\u00fcndigungsfrist betr\u00e4gt 3 Monate zum Jahresende, sonst verl\u00e4ngert sich die Mitgliedschaft automatisch jeweils um ein weiteres Jahr.<\/p>\n\n\n\n<p>Die ordentliche Mitgliedschaft (mit gleichzeitiger Mitgliedschaft im Deutschen Aero Club -DAeC- und im Luftsport-Verband Bayern -LVB-) schlie\u00dft eine <b>Modellflug-Haftpflichtversicherung<\/b> mit einer Deckungssumme von <b>5,0 Mio. Euro<\/b> ein.<br>Diese besteht aus einem Rahmenvertrag des LVB mit der Allianz-Versicherungsgesellschaft \u00fcber die Versicherungsvermittlung Siegfried Peschke KG.<\/p>\n\n\n\n<p>Der Beitrag wird Anfang des Jahres per Bankeinzug erhoben, Bareinzahlungen sind wg. dem erh\u00f6hten Verwaltungsaufwand nicht m\u00f6glich.<\/p>\n\n\n<\/div>","protected":false},"excerpt":{"rendered":"<p>Die Raketenmodellsportgemeinschaft hat Mitglieder in ganz Deutschland. Die meisten Mitglieder befinden sich in Bayern. Wie werde ich Mitglied ? Einfach Beitrittsformular ausf\u00fcllen und an die angegebene Adresse schicken. Die K\u00fcndigungsfrist betr\u00e4gt 3 Monate zum Jahresende, sonst verl\u00e4ngert sich die Mitgliedschaft automatisch jeweils um ein weiteres Jahr. Die ordentliche Mitgliedschaft (mit gleichzeitiger Mitgliedschaft im Deutschen Aero &#8230;<\/p>\n","protected":false},"author":5,"featured_media":0,"parent":0,"menu_order":4,"comment_status":"closed","ping_status":"closed","template":"","meta":{"footnotes":""},"class_list":["post-324","page","type-page","status-publish"],"_links":{"self":[{"href":"https:\/\/www.ramog.de\/content\/wp-json\/wp\/v2\/pages\/324","targetHints":{"allow":["GET"]}}],"collection":[{"href":"https:\/\/www.ramog.de\/content\/wp-json\/wp\/v2\/pages"}],"about":[{"href":"https:\/\/www.ramog.de\/content\/wp-json\/wp\/v2\/types\/page"}],"author":[{"embeddable":true,"href":"https:\/\/www.ramog.de\/content\/wp-json\/wp\/v2\/users\/5"}],"replies":[{"embeddable":true,"href":"https:\/\/www.ramog.de\/content\/wp-json\/wp\/v2\/comments?post=324"}],"version-history":[{"count":8,"href":"https:\/\/www.ramog.de\/content\/wp-json\/wp\/v2\/pages\/324\/revisions"}],"predecessor-version":[{"id":133327,"href":"https:\/\/www.ramog.de\/content\/wp-json\/wp\/v2\/pages\/324\/revisions\/133327"}],"wp:attachment":[{"href":"https:\/\/www.ramog.de\/content\/wp-json\/wp\/v2\/media?parent=324"}],"curies":[{"name":"wp","href":"https:\/\/api.w.org\/{rel}","templated":true}]}}