{"id":303,"date":"2017-08-07T21:02:47","date_gmt":"2017-08-07T20:02:47","guid":{"rendered":"https:\/\/www.ramog.de\/content\/?page_id=303"},"modified":"2017-08-21T20:48:14","modified_gmt":"2017-08-21T19:48:14","slug":"aktivitaeten","status":"publish","type":"page","link":"https:\/\/www.ramog.de\/content\/aktivitaeten\/","title":{"rendered":"Unsere Aktivit\u00e4ten"},"content":{"rendered":"<div class=\"entry\">\n<h3>Unser Modellraketen &#8211; Verein verfolgt folgende Ziele<\/h3>\n<ul>\n<li><a href=\"#Jugendarbeit\">F\u00f6rderung und Ausbildung des interessierten Nachwuchses (Jugendarbeit)<\/a><\/li>\n<li>Seminare<\/li>\n<li>F\u00f6rderung der fachlichen Raketenmodell &#8211; bzw. Motorentwicklung<\/li>\n<li>Sportzeugen-Ausbildung<\/li>\n<li><a href=\"#Wettbewerbe\">Durchf\u00fchrung von Wettbewerben und Veranstaltungen (Wettbewerbs-Organisation)<\/a><\/li>\n<li>\u00d6ffentlichkeitsarbeit<\/li>\n<\/ul>\n<h2><a name=\"Jugendarbeit\"><\/a>Jugendarbeit<\/h2>\n<p>In regelm\u00e4\u00dfigen Treffen werden Jugendliche praxisbezogen an den Raketenmodellbau herangef\u00fchrt. Des weiteren beraten erfahrene Modellraketen -Flieger der RAMOG Neueinsteiger jeden Alters beim Bau und Erprobung der eigenen Raketenkonstruktionen. Zur Heranf\u00fchrung der Jugendlichen zum Raketenmodellbau hat die RAMOG einen Ausschneidebogen entwickelt. Dieses Modell kann mit geringstem Werkzeug- und Arbeitsaufwand von den Jugendlichen gebaut und anschlie\u00dfend gestartet werden. Die Ausschneideb\u00f6gen werden auch von Lehrern bei sog. Projektwochen an Schulen gerne zum Einsatz gebracht. Des weiteren unterst\u00fctzen erfahrene Raketenmodellflieger der RAMOG Neueinsteiger jeden Alters beim Bau und Erproung der eigenen Raketenkonstruktionen. Als Weiterf\u00fchrung des im Rahmen des Ferienprogramms 96 der Stadt Wertingen abgehaltenen Kurses &#8222;Wir bauen eine flugf\u00e4hige Modellrakete&#8220; finden st\u00e4ndig weitere Seminare f\u00fcr Jugenliche von zehn bis sechzehn Jahren statt, mit dem Ziel, eine Einf\u00fchrung in die Raketenmodelltechnik zu vermitteln. Die Themen beziehen sich auf alle Aspekte des Raketenmodellbaus wie Zellenbau (K\u00f6rperrohr, Spitze, Flossen), Betrachtungen zur Flugphysik, Antriebe, Bergungsverfahren usw&#8230; Desweiteren finden Ausfl\u00fcge zu anderen Clubs, Ausstellungen und Wettbewerben statt. Teilnehmen k\u00f6nnen alle Interessierten. Mitbringen sollten sie eventuell etwas Freude am Basteln. Das Ganze ist bis auf das Material kostenlos. Eine Mitgliedschaft im Verein ist nicht erforderlich.<\/p>\n<h2><a name=\"Wettbewerbe\"><\/a>Wettbewerbe<\/h2>\n<p>Der Sport wird nach international g\u00fcltigen Regeln durchgef\u00fchrt. F\u00fcr die Teilnahme an Wettbewerben zur Deutschen Meisterschaft ist eine nationale Sportlizenz n\u00f6tig. Dazu mu\u00df der Sportler einem Verein wie z.B. der RAMOG e.V. beitreten, der dem Deutschen Aero Club (DAeC) angeschlossen ist. Auch der Weg f\u00fcr die Teilnahme an internationalen Wettbewerben und, bei entsprechender Qualifikation, an Welt- und Europameisterschaften steht dem Sportler dann offen.<\/p>\n<p><b>Die im Raketenmodellsport gebr\u00e4uchlichsten Wettbewerbsklassen:<\/b><\/p>\n<ul>\n<li>S1B &#8211; H\u00f6henflugwettbewerb mit Str\u00f6mer<\/li>\n<li>S3A &#8211; Dauerflugwettbewerb mit Fallschirm<\/li>\n<li>S4B &#8211; Dauerflugwettbewerb Schubgleiter<\/li>\n<li>S6A &#8211; Dauerflugwettbewerb mit Str\u00f6mer<\/li>\n<li>S8E &#8211; Raketengleiter mit Funkfernsteuerung<\/li>\n<li>S8E-P &#8211; Raketengleiter mit Funkfernsteuerung (Punktlandung)<\/li>\n<\/ul>\n<p>Weitere Details auf den <a href=\"https:\/\/www.ramog.de\/content\/aktivitaeten\/raketenmodellsport\/\">Sportseiten<\/a>.<\/p>\n<hr \/>\n<h2><a name=\"Experimental\"><\/a>Schauflug- und Experimental-Raketen<\/h2>\n<p><img loading=\"lazy\" decoding=\"async\" src=\"\/modellraketen\/startgestell.jpg\" width=\"273\" height=\"400\" align=\"LEFT\" \/><\/p>\n<p>Hier beginnt es f\u00fcr viele interessant zu werden. Bei Wasserstrahl getriebenen PET-Flaschen und anderen Kuriosit\u00e4ten angefangen bis zu elektronischen Nutzlasten und physikalischen Experimenten (H\u00f6henmesser, Beschleunigungsmesser) bietet sich hier ein sehr weites Bet\u00e4tigungsfeld.<br \/>\nDie Gr\u00f6\u00dfen und Startgewichte der Modelle variieren von wenigen<br \/>\nZentimetern und Gramm bis zu 5 m L\u00e4nge bzw. 5 kg Startgewicht. Der \u00dcbergang von den Modellraketen (&#8222;Spielzeug&#8220;-Raketen) zu den<br \/>\nAmateurraketen bzw. professionellen Raketen ist in dieser Sparte flie\u00dfend.<\/p>\n<p>Bei schwereren Modellen reichen die frei erh\u00e4ltlichen Raketenmotoren<br \/>\nder Klasse P1 als Antrieb nicht mehr aus. F\u00fcr den Erwerb von antriebst\u00e4rkeren Raketenmotoren mit mehr als 20 g Treibstoffgewicht ist ein spezieller Erlaubnisschein nach \u00a727 SprengG, der sog. <a href=\"\/t2schein.htm\">P2-Schein<\/a>, und die Startfreigabe der Landes-Luftfahrtbeh\u00f6rde n\u00f6tig. Als staatlich anerkannter Lehrgangstr\u00e4ger bietet die Ramog einen mehrt\u00e4gigen Lehrgang an, bei welchem die erforderliche Fachkunde (Sprengstoffgesetz, Luftrecht, Ballistik usw.) vermittelt wird.<\/p>\n<p>Angetrieben werden diese Modelle mit schubstarken Motoren wie der <a href=\"\/ramog\/aktuell\/akt02\/ra03.htm\">BC-360<\/a>, ein professioneller Double-Base Treibsatz oder dem klassischen Schwarzpulver-Treibsatz Held 5000 (neudeutsch Held5k, vom Aufbau \u00e4hnlich den Raketen im Gro\u00df-<a href=\"http:\/\/www.feuerwerk-sauer.de\/\">Feuerwerk<\/a>). Allen gemeinsam ist eine g\u00fcltige Zulassung in der BRD durch die BAM. Manche Exoten experimentieren aber auch schon mit Turbinen, welche bereits im Modellflugbereich Anwendung finden.<\/p>\n<p>Der Eigenbau von Raketenmotoren ist in der BRD und vielen anderen europ\u00e4ischen L\u00e4ndern f\u00fcr den Hobbyisten verboten. In Zusammenarbeit mit entsprechenden Firmen und Organisationen, mit welchen die Ramog im Kontakt<br \/>\nsteht, ergeben sich jedoch auch hier verschiedene Bet\u00e4tigungsfelder. So wurde der BC-360 von einem Vereinsmitglied entwickelt und zur Serienreife gebracht bzw. hochwertige Kleinstantriebe f\u00fcr Sportraketen entwickelt.<\/p>\n<\/div>\n","protected":false},"excerpt":{"rendered":"<p>Unser Modellraketen &#8211; Verein verfolgt folgende Ziele F\u00f6rderung und Ausbildung des interessierten Nachwuchses (Jugendarbeit) Seminare F\u00f6rderung der fachlichen Raketenmodell &#8211; bzw. Motorentwicklung Sportzeugen-Ausbildung Durchf\u00fchrung von Wettbewerben und Veranstaltungen (Wettbewerbs-Organisation) \u00d6ffentlichkeitsarbeit Jugendarbeit In regelm\u00e4\u00dfigen Treffen werden Jugendliche praxisbezogen an den Raketenmodellbau herangef\u00fchrt. Des weiteren beraten erfahrene Modellraketen -Flieger der RAMOG Neueinsteiger jeden Alters beim Bau und &#8230;<\/p>\n","protected":false},"author":5,"featured_media":0,"parent":0,"menu_order":1,"comment_status":"closed","ping_status":"closed","template":"","meta":{"footnotes":""},"class_list":["post-303","page","type-page","status-publish"],"_links":{"self":[{"href":"https:\/\/www.ramog.de\/content\/wp-json\/wp\/v2\/pages\/303","targetHints":{"allow":["GET"]}}],"collection":[{"href":"https:\/\/www.ramog.de\/content\/wp-json\/wp\/v2\/pages"}],"about":[{"href":"https:\/\/www.ramog.de\/content\/wp-json\/wp\/v2\/types\/page"}],"author":[{"embeddable":true,"href":"https:\/\/www.ramog.de\/content\/wp-json\/wp\/v2\/users\/5"}],"replies":[{"embeddable":true,"href":"https:\/\/www.ramog.de\/content\/wp-json\/wp\/v2\/comments?post=303"}],"version-history":[{"count":8,"href":"https:\/\/www.ramog.de\/content\/wp-json\/wp\/v2\/pages\/303\/revisions"}],"predecessor-version":[{"id":531,"href":"https:\/\/www.ramog.de\/content\/wp-json\/wp\/v2\/pages\/303\/revisions\/531"}],"wp:attachment":[{"href":"https:\/\/www.ramog.de\/content\/wp-json\/wp\/v2\/media?parent=303"}],"curies":[{"name":"wp","href":"https:\/\/api.w.org\/{rel}","templated":true}]}}