{"id":133330,"date":"2024-09-11T15:58:55","date_gmt":"2024-09-11T13:58:55","guid":{"rendered":"https:\/\/www.ramog.de\/content\/?page_id=133330"},"modified":"2024-09-13T11:58:03","modified_gmt":"2024-09-13T09:58:03","slug":"archiv","status":"publish","type":"page","link":"https:\/\/www.ramog.de\/content\/archiv\/","title":{"rendered":"Archiv"},"content":{"rendered":"<div class=\"entry\">\n\n\n<p><strong>Antrag zum Beitritt in den RAMOG.EV<\/strong><\/p>\n\n\n\n<p class=\"has-vivid-cyan-blue-color has-text-color has-link-color wp-elements-b2f44687fdec379df3577ae3c056209d\"> <a href=\"https:\/\/www.ramog.de\/content\/wp-content\/uploads\/2024\/09\/Beitrittserklaerung.pdf\">https:\/\/www.ramog.de\/content\/wp-content\/uploads\/2024\/09\/Beitrittserklaerung.pdf<\/a><\/p>\n\n\n\n<p><strong>Wegweiser zum Startgel\u00e4nde Unterth\u00fcrheim<\/strong><\/p>\n\n\n\n<p class=\"has-vivid-cyan-blue-color has-text-color has-link-color wp-elements-7ae2209eee99b281161bf45bf86346e9\"><a href=\"https:\/\/www.ramog.de\/content\/wp-content\/uploads\/2024\/07\/wegweiser.jpg\">https:\/\/www.ramog.de\/content\/wp-content\/uploads\/2024\/07\/wegweiser.jpg<\/a><\/p>\n\n\n\n<p>F\u00fcr Fl\u00fcge \u00fcber 120 m H\u00f6he ist der<strong> \u201eSchulungsnachweis f\u00fcr Modellflieger\u201c<\/strong><\/p>\n\n\n\n<p><a href=\"https:\/\/www.schulungsnachweis-modellflug.de\/Home\">https:\/\/www.schulungsnachweis-modellflug.de\/Home<\/a><\/p>\n\n\n\n<p><\/p>\n\n\n<\/div>","protected":false},"excerpt":{"rendered":"<p>Antrag zum Beitritt in den RAMOG.EV https:\/\/www.ramog.de\/content\/wp-content\/uploads\/2024\/09\/Beitrittserklaerung.pdf Wegweiser zum Startgel\u00e4nde Unterth\u00fcrheim https:\/\/www.ramog.de\/content\/wp-content\/uploads\/2024\/07\/wegweiser.jpg F\u00fcr Fl\u00fcge \u00fcber 120 m H\u00f6he ist der \u201eSchulungsnachweis f\u00fcr Modellflieger\u201c https:\/\/www.schulungsnachweis-modellflug.de\/Home<\/p>\n","protected":false},"author":16,"featured_media":0,"parent":0,"menu_order":0,"comment_status":"closed","ping_status":"closed","template":"","meta":{"footnotes":""},"class_list":["post-133330","page","type-page","status-publish"],"_links":{"self":[{"href":"https:\/\/www.ramog.de\/content\/wp-json\/wp\/v2\/pages\/133330","targetHints":{"allow":["GET"]}}],"collection":[{"href":"https:\/\/www.ramog.de\/content\/wp-json\/wp\/v2\/pages"}],"about":[{"href":"https:\/\/www.ramog.de\/content\/wp-json\/wp\/v2\/types\/page"}],"author":[{"embeddable":true,"href":"https:\/\/www.ramog.de\/content\/wp-json\/wp\/v2\/users\/16"}],"replies":[{"embeddable":true,"href":"https:\/\/www.ramog.de\/content\/wp-json\/wp\/v2\/comments?post=133330"}],"version-history":[{"count":6,"href":"https:\/\/www.ramog.de\/content\/wp-json\/wp\/v2\/pages\/133330\/revisions"}],"predecessor-version":[{"id":133369,"href":"https:\/\/www.ramog.de\/content\/wp-json\/wp\/v2\/pages\/133330\/revisions\/133369"}],"wp:attachment":[{"href":"https:\/\/www.ramog.de\/content\/wp-json\/wp\/v2\/media?parent=133330"}],"curies":[{"name":"wp","href":"https:\/\/api.w.org\/{rel}","templated":true}]}}